{"id":1050,"date":"2019-01-17T08:37:47","date_gmt":"2019-01-17T07:37:47","guid":{"rendered":"https:\/\/telematik.ch\/?page_id=1050"},"modified":"2019-01-17T08:37:47","modified_gmt":"2019-01-17T07:37:47","slug":"agb","status":"publish","type":"page","link":"https:\/\/telematik.ch\/en\/agb\/","title":{"rendered":"AGB"},"content":{"rendered":"<h1 data-tadv-p=\"keep\"><strong>Allgemeine Gesch\u00e4ftsbedingungen (AGB)<\/strong><\/h1>\n<p>Stand: Januar 2019<\/p>\n<ol>\n<li>\n<h2><strong>Verkaufsbedingungen<\/strong><\/h2>\n<\/li>\n<\/ol>\n<p>F\u00fcr den Handel und Vereinbarungen zwischen der telematik.ch AG (im folgenden tm genannt) und deren Partner gelten die nachstehenden Gesch\u00e4ftsbedingungen. \u00c4nderungen, welche diese betreffen, m\u00fcssen der tm schriftlich mitgeteilt werden.<\/p>\n<\/p>\n<ol start=\"2\">\n<li>\n<h2><strong>Bestellung und Lieferung<\/strong><\/h2>\n<\/li>\n<\/ol>\n<h2 data-tadv-p=\"keep\"><\/h2>\n<p>Lieferungen und rollouts erfolgen in der Regel ab Lager tm. Die Verf\u00fcgbarkeit kann nur nach Vereinbarung auf einen Termin festgelegt werden. Die tm \u00fcbernimmt keine Kosten f\u00fcr die folgen versp\u00e4teter Lieferungen. Fracht und Transport gehen, wenn nicht anders vereinbart,\u00a0 zu Lasten des Bestellers. Sch\u00e4den oder Verluste m\u00fcssen umgehend der Spedition und dann tm gemeldet werden.<\/p>\n<p>Bestellungen\/Auftr\u00e4ge k\u00f6nnen schriftlich oder m\u00fcndlich gemacht bzw. ausgel\u00f6st werden. Sie sind grunds\u00e4tzlich g\u00fcltig wenn der Auftrag angenommen oder best\u00e4tigt wurde.<\/p>\n<\/p>\n<ol start=\"3\">\n<li>\n<h2><strong>R\u00fccksendung, Garantie und Reparaturen<\/strong><\/h2>\n<\/li>\n<\/ol>\n<p>Die Bestellung von Waren ist unwiderruflich. Allf\u00e4llige R\u00fccksendungen m\u00fcssen vorg\u00e4ngig angek\u00fcndigt werden. Es gilt die Garantie der jeweiligen Ger\u00e4tehersteller, tm \u00fcbernimmt ohne zus\u00e4tzliche Vereinbarungen keine erweiterten Garantieleistungen. Die Ger\u00e4tegarantie schliesst nicht aus, dass Kosten f\u00fcr den Ausbau, Ersatzger\u00e4te, Handling oder \u00e4hnliches entstehen. Die Garantiezeit beginnt mit dem Rechnungsdatum.<\/p>\n<\/p>\n<ol start=\"4\">\n<li>\n<h2><strong>Zahlung<\/strong><\/h2>\n<\/li>\n<\/ol>\n<p>Wenn nicht anders vereinbart gilt: Vorkasse im Shop. 30 Tage rein netto f\u00fcr Industriekunden und Projektkunden. Die Ware bleibt bis zur vollst\u00e4ndigen Bezahlung der Rechnung (en) Eigentum der tm.<\/p>\n<p>Allf\u00e4llige Verzugskosten und Inkassospesen werden zus\u00e4tzlich in Rechnung gestellt.<\/p>\n<\/p>\n<ol start=\"5\">\n<li>\n<h2><strong>Haftung<\/strong><\/h2>\n<\/li>\n<\/ol>\n<p>F\u00fcr die Benutzung der Ger\u00e4te und Anlagen ist der Kunde oder Benutzer verantwortlich. Anspr\u00fcche auf Schadenersatz sind ausgeschlossen. Mit der Annahme der Lieferung oder nach \u00dcbergabe eines Projektes geht die Gefahr auf den Kunden \u00fcber.<\/p>\n<\/p>\n<ol start=\"6\">\n<li>\n<h2><strong>Preise<\/strong><\/h2>\n<\/li>\n<\/ol>\n<p>Die Preise sind in Schweizer Franken inklusive 7.7% Mwst angegeben. Die VRG wird separat erhoben. Geb\u00fchrenliste auf <a href=\"http:\/\/www.swico.ch\">www.swico.ch<\/a><\/p>\n<\/p>\n<ol start=\"7\">\n<li>\n<h2><strong>Datenschutz<\/strong><\/h2>\n<\/li>\n<\/ol>\n<p>Der K\u00e4ufer anerkennt, dass Daten zum einwandfreien Ausf\u00fchren des Handels erhoben werden. Diese Daten werden nicht f\u00fcr kommerzielle Zwecke weitergegeben. Erhobene Daten werden, solange es Schweizer Recht erfordert, gespeichert und dann vernichtet. Die tm behandelt keine Anfragen aus dem EU Raum. Es werden auch keine Lieferungen in den EU Raum get\u00e4tigt.<\/p>\n<\/p>\n<ol start=\"8\">\n<li>\n<h2><strong>Gerichtsstand , anwendbares Recht<\/strong><\/h2>\n<\/li>\n<\/ol>\n<p>Vertr\u00e4ge und Vereinbarungen unterstehen ausschliesslich schweizerischem Recht. Der Gerichts-stand ist Bern.<\/p>\n","protected":false},"excerpt":{"rendered":"<p>Allgemeine Gesch\u00e4ftsbedingungen (AGB) Stand: Januar 2019 Verkaufsbedingungen F\u00fcr den Handel und Vereinbarungen zwischen der telematik.ch AG (im folgenden tm genannt) und deren Partner gelten die nachstehenden Gesch\u00e4ftsbedingungen. \u00c4nderungen, welche diese betreffen, m\u00fcssen der tm schriftlich mitgeteilt werden. Bestellung und Lieferung Lieferungen und rollouts erfolgen in der Regel ab Lager tm. Die Verf\u00fcgbarkeit kann nur nach &hellip; <a href=\"https:\/\/telematik.ch\/en\/agb\/\" class=\"more-link\">Continue reading<span class=\"screen-reader-text\"> &#8220;AGB&#8221;<\/span><\/a><\/p>\n","protected":false},"author":1,"featured_media":0,"parent":0,"menu_order":0,"comment_status":"closed","ping_status":"closed","template":"","meta":{"ngg_post_thumbnail":0,"footnotes":""},"class_list":["post-1050","page","type-page","status-publish","hentry"],"aioseo_notices":[],"_links":{"self":[{"href":"https:\/\/telematik.ch\/en\/wp-json\/wp\/v2\/pages\/1050","targetHints":{"allow":["GET"]}}],"collection":[{"href":"https:\/\/telematik.ch\/en\/wp-json\/wp\/v2\/pages"}],"about":[{"href":"https:\/\/telematik.ch\/en\/wp-json\/wp\/v2\/types\/page"}],"author":[{"embeddable":true,"href":"https:\/\/telematik.ch\/en\/wp-json\/wp\/v2\/users\/1"}],"replies":[{"embeddable":true,"href":"https:\/\/telematik.ch\/en\/wp-json\/wp\/v2\/comments?post=1050"}],"version-history":[{"count":0,"href":"https:\/\/telematik.ch\/en\/wp-json\/wp\/v2\/pages\/1050\/revisions"}],"wp:attachment":[{"href":"https:\/\/telematik.ch\/en\/wp-json\/wp\/v2\/media?parent=1050"}],"curies":[{"name":"wp","href":"https:\/\/api.w.org\/{rel}","templated":true}]}}