{"id":8799,"date":"2020-03-03T06:15:42","date_gmt":"2020-03-03T05:15:42","guid":{"rendered":"https:\/\/telematik.ch\/?post_type=product&#038;p=8799"},"modified":"2020-03-03T06:28:39","modified_gmt":"2020-03-03T05:28:39","slug":"ubiquiti-unifi-us-8","status":"publish","type":"product","link":"https:\/\/telematik.ch\/en\/shop\/sonderaktionen\/ubiquiti-unifi-us-8\/","title":{"rendered":"Ubiquiti UniFi US-8"},"content":{"rendered":"","protected":false},"excerpt":{"rendered":"<p>Der UniFi US-8 Switch bietet Ihnen acht Gigabit Ethernet Ports im kompakten Formfaktor. Er \u00fcberzeugt durch seine umfangreiche Verwaltung, die robuste Performance und dem intelligenten Switching f\u00fcr Ihr Netzwerk. Mit dem US-8 lassen sich dank PoE-Passthrough bequem Ethernet Ports zwischen Ihre PoE-Leitung schalten. So schliessen Sie unkompliziert weitere Netzwerkger\u00e4te an und behalten gleichzeitig die Stromversorgung zu Ihren PoE-Ger\u00e4ten aufrecht. Wird der Switch \u00fcber PoE 802.3at betrieben, liefert er PoE Out nach 802.3af. Mit Betrieb \u00fcber das Netzteil unterst\u00fctzt er auf Port Nummer 8 Passive PoE mit 48V (2-pair). Die UniFi Controller Software erm\u00f6glicht Ihnen eine komfortable Konfiguration und einfache \u00dcberwachung mit Hilfe einer grafischen Benutzeroberfl\u00e4che. Eine einzige Instanz des UniFi Controllers in der Cloud kann mehrere Sites verwalten. So profitieren Sie von einer zentralisierten Verwaltung, w\u00e4hrend jede Site logisch getrennt bleibt und seine eigenen Konfigurationen, Statistiken und Admin-Accounts beh\u00e4lt. Sogar Informationen \u00fcber einzelne Ger\u00e4te oder Ports k\u00f6nnen angezeigt werden.<\/p>\n","protected":false},"featured_media":8800,"comment_status":"closed","ping_status":"closed","template":"","meta":{"ngg_post_thumbnail":0},"product_brand":[],"product_cat":[21],"product_tag":[],"class_list":{"0":"post-8799","1":"product","2":"type-product","3":"status-publish","4":"has-post-thumbnail","6":"product_cat-sonderaktionen","8":"first","9":"instock","10":"taxable","11":"shipping-taxable","12":"purchasable","13":"product-type-simple"},"aioseo_notices":[],"_links":{"self":[{"href":"https:\/\/telematik.ch\/en\/wp-json\/wp\/v2\/product\/8799","targetHints":{"allow":["GET"]}}],"collection":[{"href":"https:\/\/telematik.ch\/en\/wp-json\/wp\/v2\/product"}],"about":[{"href":"https:\/\/telematik.ch\/en\/wp-json\/wp\/v2\/types\/product"}],"replies":[{"embeddable":true,"href":"https:\/\/telematik.ch\/en\/wp-json\/wp\/v2\/comments?post=8799"}],"wp:featuredmedia":[{"embeddable":true,"href":"https:\/\/telematik.ch\/en\/wp-json\/wp\/v2\/media\/8800"}],"wp:attachment":[{"href":"https:\/\/telematik.ch\/en\/wp-json\/wp\/v2\/media?parent=8799"}],"wp:term":[{"taxonomy":"product_brand","embeddable":true,"href":"https:\/\/telematik.ch\/en\/wp-json\/wp\/v2\/product_brand?post=8799"},{"taxonomy":"product_cat","embeddable":true,"href":"https:\/\/telematik.ch\/en\/wp-json\/wp\/v2\/product_cat?post=8799"},{"taxonomy":"product_tag","embeddable":true,"href":"https:\/\/telematik.ch\/en\/wp-json\/wp\/v2\/product_tag?post=8799"}],"curies":[{"name":"wp","href":"https:\/\/api.w.org\/{rel}","templated":true}]}}